{"id":248,"date":"2023-11-27T18:49:45","date_gmt":"2023-11-27T18:49:45","guid":{"rendered":"https:\/\/labour.ec\/?page_id=248"},"modified":"2024-06-10T20:24:51","modified_gmt":"2024-06-11T01:24:51","slug":"index","status":"publish","type":"page","link":"https:\/\/labour.ec\/","title":{"rendered":"Index"},"content":{"rendered":"<p>[et_pb_section fb_built=\u00bb1&#8243; _builder_version=\u00bb4.22.2&#8243; _module_preset=\u00bbdefault\u00bb global_colors_info=\u00bb{}\u00bb][et_pb_row _builder_version=\u00bb4.22.2&#8243; _module_preset=\u00bbdefault\u00bb background_image=\u00bbhttps:\/\/labour.ec\/wp-content\/uploads\/2024\/06\/IMG_4676-2-1024&#215;690.jpg\u00bb parallax=\u00bbon\u00bb custom_margin=\u00bb0px||||false|false\u00bb custom_padding=\u00bb30px||291px||false|false\u00bb global_colors_info=\u00bb{}\u00bb][et_pb_column type=\u00bb4_4&#8243; _builder_version=\u00bb4.22.2&#8243; _module_preset=\u00bbdefault\u00bb global_colors_info=\u00bb{}\u00bb][\/et_pb_column][\/et_pb_row][et_pb_row _builder_version=\u00bb4.22.2&#8243; _module_preset=\u00bbdefault\u00bb hover_enabled=\u00bb0&#8243; global_colors_info=\u00bb{}\u00bb custom_margin=\u00bb25px||25px||false|false\u00bb custom_padding=\u00bb5px||5px||false|false\u00bb sticky_enabled=\u00bb0&#8243;][et_pb_column type=\u00bb4_4&#8243; _builder_version=\u00bb4.22.2&#8243; _module_preset=\u00bbdefault\u00bb global_colors_info=\u00bb{}\u00bb][et_pb_text _builder_version=\u00bb4.22.2&#8243; _module_preset=\u00bbdefault\u00bb hover_enabled=\u00bb0&#8243; global_colors_info=\u00bb{}\u00bb custom_padding=\u00bb2px|||||\u00bb sticky_enabled=\u00bb0&#8243;]<\/p>\n<h2 style=\"text-align: center;\"><strong>ESPECIALISTAS EN DERECHO LABORAL, SST Y GESTI\u00d3N DE TALENTO HUMANO<\/strong><\/h2>\n<p>[\/et_pb_text][\/et_pb_column][\/et_pb_row][et_pb_row column_structure=\u00bb1_3,1_3,1_3&#8243; _builder_version=\u00bb4.22.2&#8243; _module_preset=\u00bbdefault\u00bb background_color=\u00bb#1a2741&#8243; custom_margin=\u00bb2px|auto|25px|auto|false|false\u00bb custom_padding=\u00bb|30px||30px|false|false\u00bb hover_enabled=\u00bb0&#8243; global_colors_info=\u00bb{}\u00bb sticky_enabled=\u00bb0&#8243;][et_pb_column type=\u00bb1_3&#8243; _builder_version=\u00bb4.22.2&#8243; _module_preset=\u00bbdefault\u00bb global_colors_info=\u00bb{}\u00bb][et_pb_blurb title=\u00bbDiversificaci\u00f3n de servicios\u00bb image=\u00bbhttps:\/\/labour.ec\/wp-content\/uploads\/2024\/06\/home_imagenes_3.png\u00bb _builder_version=\u00bb4.22.2&#8243; _module_preset=\u00bbdefault\u00bb header_text_color=\u00bb#1FD7E0&#8243; body_text_color=\u00bb#FFFFFF\u00bb global_colors_info=\u00bb{}\u00bb]<\/p>\n<p style=\"text-align: justify;\">Brindar atenci\u00f3n a nuestros clientes en diversas \u00e1reas relacionadas entre s\u00ed; permite a los mismos, lograr una visi\u00f3n integral de la situaci\u00f3n de la empresa, en un menor tiempo, a trav\u00e9s de un equipo multidisciplinario, conformado por profesionales de nuestra organizaci\u00f3n,\u00a0 facilitando y garantizando el buen asesoramiento.<\/p>\n<p>[\/et_pb_blurb][\/et_pb_column][et_pb_column type=\u00bb1_3&#8243; _builder_version=\u00bb4.22.2&#8243; _module_preset=\u00bbdefault\u00bb global_colors_info=\u00bb{}\u00bb][et_pb_blurb title=\u00bbCostos diferenciados\u00bb image=\u00bbhttps:\/\/labour.ec\/wp-content\/uploads\/2024\/06\/home_imagenes_2.png\u00bb _builder_version=\u00bb4.22.2&#8243; _module_preset=\u00bbdefault\u00bb header_text_color=\u00bb#1FD7E0&#8243; body_text_color=\u00bb#FFFFFF\u00bb global_colors_info=\u00bb{}\u00bb]<\/p>\n<p style=\"text-align: justify;\">Nos caracterizamos en ofertar servicios integrales optimizando costos en beneficio de nuestros clientes.<\/p>\n<p>[\/et_pb_blurb][\/et_pb_column][et_pb_column type=\u00bb1_3&#8243; _builder_version=\u00bb4.22.2&#8243; _module_preset=\u00bbdefault\u00bb global_colors_info=\u00bb{}\u00bb][et_pb_blurb title=\u00bbPrevenci\u00f3n\u00bb image=\u00bbhttps:\/\/labour.ec\/wp-content\/uploads\/2024\/06\/home_imagenes_1.png\u00bb _builder_version=\u00bb4.22.2&#8243; _module_preset=\u00bbdefault\u00bb header_text_color=\u00bb#1FD7E0&#8243; body_text_color=\u00bb#FFFFFF\u00bb global_colors_info=\u00bb{}\u00bb]<\/p>\n<p style=\"text-align: justify;\">Buscamos a trav\u00e9s del alcance de nuestros servicios, proporcionar orientaci\u00f3n y asistencia a los clientes para identificar y mitigar posibles riesgos en el \u00e1mbito jur\u00eddico laboral, gesti\u00f3n del talento humano y seguridad y salud en el trabajo, con el fin de que nuestros clientes, no desv\u00eden su atenci\u00f3n en estos problemas, enfoc\u00e1ndose en la productividad de sus empresas.<\/p>\n<p>[\/et_pb_blurb][\/et_pb_column][\/et_pb_row][et_pb_row _builder_version=\u00bb4.22.2&#8243; _module_preset=\u00bbdefault\u00bb global_colors_info=\u00bb{}\u00bb][et_pb_column type=\u00bb4_4&#8243; _builder_version=\u00bb4.22.2&#8243; _module_preset=\u00bbdefault\u00bb global_colors_info=\u00bb{}\u00bb][et_pb_text _builder_version=\u00bb4.22.2&#8243; _module_preset=\u00bbdefault\u00bb global_colors_info=\u00bb{}\u00bb]<\/p>\n<h1 style=\"text-align: center;\"><strong>Servicios Especializados<\/strong><\/h1>\n<p>[\/et_pb_text][\/et_pb_column][\/et_pb_row][et_pb_row column_structure=\u00bb1_5,1_5,1_5,1_5,1_5&#8243; _builder_version=\u00bb4.22.2&#8243; _module_preset=\u00bbdefault\u00bb custom_margin=\u00bb-3px|auto||auto||\u00bb global_colors_info=\u00bb{}\u00bb][et_pb_column type=\u00bb1_5&#8243; _builder_version=\u00bb4.22.2&#8243; _module_preset=\u00bbdefault\u00bb global_colors_info=\u00bb{}\u00bb][et_pb_image src=\u00bbhttps:\/\/labour.ec\/wp-content\/uploads\/2023\/10\/logos_labour_LAW.jpg\u00bb title_text=\u00bblogos_labour_LAW\u00bb url=\u00bb@ET-DC@eyJkeW5hbWljIjp0cnVlLCJjb250ZW50IjoicG9zdF9saW5rX3VybF9wYWdlIiwic2V0dGluZ3MiOnsicG9zdF9pZCI6IjY2In19@\u00bb _builder_version=\u00bb4.22.2&#8243; _dynamic_attributes=\u00bburl\u00bb _module_preset=\u00bbdefault\u00bb animation_style=\u00bbslide\u00bb animation_direction=\u00bbright\u00bb box_shadow_style=\u00bbpreset3&#8243; global_colors_info=\u00bb{}\u00bb][\/et_pb_image][\/et_pb_column][et_pb_column type=\u00bb1_5&#8243; _builder_version=\u00bb4.22.2&#8243; _module_preset=\u00bbdefault\u00bb global_colors_info=\u00bb{}\u00bb][et_pb_image src=\u00bbhttps:\/\/labour.ec\/wp-content\/uploads\/2023\/10\/logos_labour_SST.jpg\u00bb title_text=\u00bblogos_labour_SST\u00bb url=\u00bb@ET-DC@eyJkeW5hbWljIjp0cnVlLCJjb250ZW50IjoicG9zdF9saW5rX3VybF9wYWdlIiwic2V0dGluZ3MiOnsicG9zdF9pZCI6IjEzNiJ9fQ==@\u00bb _builder_version=\u00bb4.22.2&#8243; _dynamic_attributes=\u00bburl\u00bb _module_preset=\u00bbdefault\u00bb animation_style=\u00bbslide\u00bb animation_direction=\u00bbright\u00bb box_shadow_style=\u00bbpreset3&#8243; global_colors_info=\u00bb{}\u00bb][\/et_pb_image][\/et_pb_column][et_pb_column type=\u00bb1_5&#8243; _builder_version=\u00bb4.22.2&#8243; _module_preset=\u00bbdefault\u00bb global_colors_info=\u00bb{}\u00bb][et_pb_image src=\u00bbhttps:\/\/labour.ec\/wp-content\/uploads\/2023\/10\/logos_labour_SSO.jpg\u00bb title_text=\u00bblogos_labour_SSO\u00bb url=\u00bb@ET-DC@eyJkeW5hbWljIjp0cnVlLCJjb250ZW50IjoicG9zdF9saW5rX3VybF9wYWdlIiwic2V0dGluZ3MiOnsicG9zdF9pZCI6IjEzMSJ9fQ==@\u00bb _builder_version=\u00bb4.22.2&#8243; _dynamic_attributes=\u00bburl\u00bb _module_preset=\u00bbdefault\u00bb animation_style=\u00bbslide\u00bb animation_direction=\u00bbright\u00bb box_shadow_style=\u00bbpreset3&#8243; global_colors_info=\u00bb{}\u00bb][\/et_pb_image][\/et_pb_column][et_pb_column type=\u00bb1_5&#8243; _builder_version=\u00bb4.22.2&#8243; _module_preset=\u00bbdefault\u00bb global_colors_info=\u00bb{}\u00bb][et_pb_image src=\u00bbhttps:\/\/labour.ec\/wp-content\/uploads\/2023\/10\/logos_labour_academy.jpg\u00bb title_text=\u00bblogos_labour_academy\u00bb url=\u00bb@ET-DC@eyJkeW5hbWljIjp0cnVlLCJjb250ZW50IjoicG9zdF9saW5rX3VybF9wYWdlIiwic2V0dGluZ3MiOnsicG9zdF9pZCI6IjE0NSJ9fQ==@\u00bb _builder_version=\u00bb4.22.2&#8243; _dynamic_attributes=\u00bburl\u00bb _module_preset=\u00bbdefault\u00bb animation_style=\u00bbslide\u00bb animation_direction=\u00bbright\u00bb box_shadow_style=\u00bbpreset3&#8243; global_colors_info=\u00bb{}\u00bb][\/et_pb_image][\/et_pb_column][et_pb_column type=\u00bb1_5&#8243; _builder_version=\u00bb4.22.2&#8243; _module_preset=\u00bbdefault\u00bb global_colors_info=\u00bb{}\u00bb][et_pb_image src=\u00bbhttps:\/\/labour.ec\/wp-content\/uploads\/2023\/10\/logos_labour_HR.jpg\u00bb title_text=\u00bblogos_labour_HR\u00bb url=\u00bb@ET-DC@eyJkeW5hbWljIjp0cnVlLCJjb250ZW50IjoicG9zdF9saW5rX3VybF9wYWdlIiwic2V0dGluZ3MiOnsicG9zdF9pZCI6IjE0NyJ9fQ==@\u00bb _builder_version=\u00bb4.22.2&#8243; _dynamic_attributes=\u00bburl\u00bb _module_preset=\u00bbdefault\u00bb animation_style=\u00bbslide\u00bb animation_direction=\u00bbright\u00bb box_shadow_style=\u00bbpreset3&#8243; global_colors_info=\u00bb{}\u00bb][\/et_pb_image][\/et_pb_column][\/et_pb_row][et_pb_row column_structure=\u00bb2_3,1_3&#8243; _builder_version=\u00bb4.22.2&#8243; _module_preset=\u00bbdefault\u00bb background_color=\u00bb#474747&#8243; width=\u00bb100%\u00bb custom_margin=\u00bb49px|auto||auto||\u00bb custom_padding=\u00bb|40px||||\u00bb global_colors_info=\u00bb{}\u00bb][et_pb_column type=\u00bb2_3&#8243; _builder_version=\u00bb4.22.2&#8243; _module_preset=\u00bbdefault\u00bb background_color=\u00bb#5e5e5e\u00bb global_colors_info=\u00bb{}\u00bb][et_pb_testimonial author=\u00bbOscar Err\u00e1ez\u00bb job_title=\u00bbCEO\u00bb company_name=\u00bbLabour Law\u00bb use_icon_font_size=\u00bbon\u00bb icon_font_size=\u00bb58px\u00bb _builder_version=\u00bb4.22.2&#8243; _module_preset=\u00bbdefault\u00bb transform_scale=\u00bb88%|88%\u00bb transform_origin=\u00bb52%|212%\u00bb global_colors_info=\u00bb{}\u00bb]<\/p>\n<h1><strong>\u00abProtegemos lo que has construido\u00bb<\/strong><\/h1>\n<p>[\/et_pb_testimonial][\/et_pb_column][et_pb_column type=\u00bb1_3&#8243; _builder_version=\u00bb4.22.2&#8243; _module_preset=\u00bbdefault\u00bb background_color=\u00bb#474747&#8243; global_colors_info=\u00bb{}\u00bb][et_pb_image src=\u00bbhttps:\/\/labour.ec\/wp-content\/uploads\/2024\/06\/DSC5303_crop-1.jpg\u00bb title_text=\u00bbDSC5303_crop\u00bb _builder_version=\u00bb4.22.2&#8243; _module_preset=\u00bbdefault\u00bb background_image=\u00bbhttps:\/\/labour.ec\/wp-content\/uploads\/2023\/10\/DSC5303.jpg\u00bb parallax=\u00bbon\u00bb box_shadow_style=\u00bbpreset3&#8243; global_colors_info=\u00bb{}\u00bb][\/et_pb_image][\/et_pb_column][\/et_pb_row][\/et_pb_section]<\/p>\n","protected":false},"excerpt":{"rendered":"<p>ESPECIALISTAS EN DERECHO LABORAL, SST Y GESTI\u00d3N DE TALENTO HUMANOBrindar atenci\u00f3n a nuestros clientes en diversas \u00e1reas relacionadas entre s\u00ed; permite a los mismos, lograr una visi\u00f3n integral de la situaci\u00f3n de la empresa, en un menor tiempo, a trav\u00e9s de un equipo multidisciplinario, conformado por profesionales de nuestra organizaci\u00f3n,\u00a0 facilitando y garantizando el buen [&hellip;]<\/p>\n","protected":false},"author":1,"featured_media":0,"parent":0,"menu_order":0,"comment_status":"closed","ping_status":"closed","template":"","meta":{"_et_pb_use_builder":"on","_et_pb_old_content":"","_et_gb_content_width":"","footnotes":""},"class_list":["post-248","page","type-page","status-publish","hentry"],"_links":{"self":[{"href":"https:\/\/labour.ec\/index.php\/wp-json\/wp\/v2\/pages\/248","targetHints":{"allow":["GET"]}}],"collection":[{"href":"https:\/\/labour.ec\/index.php\/wp-json\/wp\/v2\/pages"}],"about":[{"href":"https:\/\/labour.ec\/index.php\/wp-json\/wp\/v2\/types\/page"}],"author":[{"embeddable":true,"href":"https:\/\/labour.ec\/index.php\/wp-json\/wp\/v2\/users\/1"}],"replies":[{"embeddable":true,"href":"https:\/\/labour.ec\/index.php\/wp-json\/wp\/v2\/comments?post=248"}],"version-history":[{"count":8,"href":"https:\/\/labour.ec\/index.php\/wp-json\/wp\/v2\/pages\/248\/revisions"}],"predecessor-version":[{"id":334,"href":"https:\/\/labour.ec\/index.php\/wp-json\/wp\/v2\/pages\/248\/revisions\/334"}],"wp:attachment":[{"href":"https:\/\/labour.ec\/index.php\/wp-json\/wp\/v2\/media?parent=248"}],"curies":[{"name":"wp","href":"https:\/\/api.w.org\/{rel}","templated":true}]}}