{"id":147,"date":"2023-11-25T21:38:18","date_gmt":"2023-11-25T21:38:18","guid":{"rendered":"https:\/\/labour.ec\/?page_id=147"},"modified":"2024-06-11T06:57:44","modified_gmt":"2024-06-11T11:57:44","slug":"l_hr_new","status":"publish","type":"page","link":"https:\/\/labour.ec\/index.php\/l_hr_new\/","title":{"rendered":"l_hr"},"content":{"rendered":"<p>[et_pb_section fb_built=\u00bb1&#8243; _builder_version=\u00bb4.22.2&#8243; _module_preset=\u00bbdefault\u00bb global_colors_info=\u00bb{}\u00bb][et_pb_row _builder_version=\u00bb4.22.2&#8243; _module_preset=\u00bbdefault\u00bb background_image=\u00bbhttps:\/\/labour.ec\/wp-content\/uploads\/2023\/10\/color_personas-tiro-medio-trabajando-juntas-oficina_HR.jpg\u00bb parallax=\u00bbon\u00bb custom_margin=\u00bb|auto|48px|auto||\u00bb custom_padding=\u00bb||57px|||\u00bb global_colors_info=\u00bb{}\u00bb][et_pb_column type=\u00bb4_4&#8243; _builder_version=\u00bb4.22.2&#8243; _module_preset=\u00bbdefault\u00bb global_colors_info=\u00bb{}\u00bb][et_pb_image src=\u00bbhttps:\/\/labour.ec\/wp-content\/uploads\/2023\/10\/logos_labour_HR.jpg\u00bb title_text=\u00bblogos_labour_HR\u00bb _builder_version=\u00bb4.22.2&#8243; _module_preset=\u00bbdefault\u00bb width=\u00bb40%\u00bb module_alignment=\u00bbleft\u00bb custom_margin=\u00bb50px|||||\u00bb animation_style=\u00bbslide\u00bb animation_direction=\u00bbtop\u00bb hover_enabled=\u00bb0&#8243; box_shadow_style=\u00bbpreset3&#8243; global_colors_info=\u00bb{}\u00bb max_width=\u00bb40%\u00bb sticky_enabled=\u00bb0&#8243;][\/et_pb_image][\/et_pb_column][\/et_pb_row][et_pb_row column_structure=\u00bb1_2,1_2&#8243; _builder_version=\u00bb4.22.2&#8243; _module_preset=\u00bbdefault\u00bb background_color=\u00bb#e10884&#8243; custom_padding=\u00bb28px|||||\u00bb global_colors_info=\u00bb{}\u00bb][et_pb_column type=\u00bb1_2&#8243; _builder_version=\u00bb4.22.2&#8243; _module_preset=\u00bbdefault\u00bb global_colors_info=\u00bb{}\u00bb][et_pb_text _builder_version=\u00bb4.22.2&#8243; _module_preset=\u00bbdefault\u00bb custom_margin=\u00bb5px|5px|5px|5px|false|false\u00bb custom_padding=\u00bb5px|20px|5px|27px|false|false\u00bb hover_enabled=\u00bb0&#8243; global_colors_info=\u00bb{}\u00bb sticky_enabled=\u00bb0&#8243;]<\/p>\n<h2><strong><span style=\"color: #ffffff;\">Las personas motivadas hacen la diferencia en el servicio.<\/span><\/strong><\/h2>\n<p>[\/et_pb_text][et_pb_text _builder_version=\u00bb4.22.2&#8243; _module_preset=\u00bbdefault\u00bb header_5_text_color=\u00bb#dddddd\u00bb custom_margin=\u00bb15px|25px|15px|25px|false|false\u00bb custom_padding=\u00bb5px|15px|5px|15px|false|false\u00bb hover_enabled=\u00bb0&#8243; global_colors_info=\u00bb{}\u00bb sticky_enabled=\u00bb0&#8243;]<\/p>\n<p style=\"text-align: justify;\"><span style=\"color: #ffffff; font-size: large;\">Asesoramiento de recursos en la gesti\u00f3n de talento humano, brindando soluciones reales a sus necesidades, garantizando ambientes laborales sanos y productivos y un capital humano en constante crecimiento profesional.<\/span><\/p>\n<p>[\/et_pb_text][et_pb_button button_url=\u00bbmailto:info@labour.ec\u00bb url_new_window=\u00bbon\u00bb button_text=\u00bbSolicitar m\u00e1s Informaci\u00f3n\u00bb button_alignment=\u00bbcenter\u00bb _builder_version=\u00bb4.22.2&#8243; _module_preset=\u00bbdefault\u00bb custom_button=\u00bbon\u00bb button_text_color=\u00bb#FFFFFF\u00bb hover_enabled=\u00bb0&#8243; box_shadow_style=\u00bbpreset3&#8243; global_colors_info=\u00bb{}\u00bb sticky_enabled=\u00bb0&#8243;][\/et_pb_button][\/et_pb_column][et_pb_column type=\u00bb1_2&#8243; _builder_version=\u00bb4.22.2&#8243; _module_preset=\u00bbdefault\u00bb global_colors_info=\u00bb{}\u00bb][et_pb_image src=\u00bbhttps:\/\/labour.ec\/wp-content\/uploads\/2023\/11\/gente-negocios-dandose-mano.jpg\u00bb title_text=\u00bbBusiness people shaking hands together\u00bb _builder_version=\u00bb4.22.2&#8243; _module_preset=\u00bbdefault\u00bb animation_style=\u00bbslide\u00bb animation_direction=\u00bbright\u00bb global_colors_info=\u00bb{}\u00bb][\/et_pb_image][\/et_pb_column][\/et_pb_row][et_pb_row column_structure=\u00bb1_3,2_3&#8243; _builder_version=\u00bb4.22.2&#8243; _module_preset=\u00bbdefault\u00bb custom_margin=\u00bb44px|auto||auto||\u00bb custom_padding=\u00bb27px|||||\u00bb global_colors_info=\u00bb{}\u00bb][et_pb_column type=\u00bb1_3&#8243; _builder_version=\u00bb4.22.2&#8243; _module_preset=\u00bbdefault\u00bb global_colors_info=\u00bb{}\u00bb][et_pb_text _builder_version=\u00bb4.22.2&#8243; _module_preset=\u00bbdefault\u00bb custom_padding=\u00bb2px|||25px||\u00bb global_colors_info=\u00bb{}\u00bb]<\/p>\n<h1><span style=\"font-size: x-large;\">Dentro de <strong>Labour H&amp;R<\/strong> te ofrecemos los siguientes servicios:<\/span><\/h1>\n<p>[\/et_pb_text][\/et_pb_column][et_pb_column type=\u00bb2_3&#8243; _builder_version=\u00bb4.22.2&#8243; _module_preset=\u00bbdefault\u00bb global_colors_info=\u00bb{}\u00bb][et_pb_text _builder_version=\u00bb4.22.2&#8243; _module_preset=\u00bbdefault\u00bb custom_padding=\u00bb|65px|0px|11px||\u00bb global_colors_info=\u00bb{}\u00bb]<\/p>\n<ul>\n<li>An\u00e1lisis y diagn\u00f3stico del giro del negocio, a fin de asesorar en el dise\u00f1o organizacional.<\/li>\n<li>Asesoramiento en los procesos de reestructuraci\u00f3n organizacional, desarrollo de pol\u00edticas y procedimientos.<\/li>\n<li>Elaboraci\u00f3n de manuales de puestos, definici\u00f3n de funciones y responsabilidades.<\/li>\n<li>Evaluaci\u00f3n de clima organizacional.<\/li>\n<li>Atracci\u00f3n y selecci\u00f3n de talentos<\/li>\n<li>Evaluaciones de desempe\u00f1o.<\/li>\n<li>Administraci\u00f3n y gesti\u00f3n de n\u00f3mina. <\/li>\n<li>An\u00e1lisis, diagn\u00f3stico institucional, planificaci\u00f3n del talento humano (Sector P\u00fablico).<\/li>\n<li>Asesoramientos en elaboraci\u00f3n del Diagn\u00f3stico y elaboraci\u00f3n del Plan de Igualdad, para implementaci\u00f3n y evaluaci\u00f3n de sus empresas.<\/li>\n<\/ul>\n<p>[\/et_pb_text][et_pb_button button_url=\u00bbmailto:info@labour.ec\u00bb url_new_window=\u00bbon\u00bb button_text=\u00bbSolicitar m\u00e1s Informaci\u00f3n\u00bb button_alignment=\u00bbcenter\u00bb _builder_version=\u00bb4.22.2&#8243; _module_preset=\u00bbdefault\u00bb custom_button=\u00bbon\u00bb button_text_color=\u00bb#e10884&#8243; hover_enabled=\u00bb0&#8243; box_shadow_style=\u00bbpreset3&#8243; global_colors_info=\u00bb{}\u00bb sticky_enabled=\u00bb0&#8243;][\/et_pb_button][\/et_pb_column][\/et_pb_row][\/et_pb_section]<\/p>\n","protected":false},"excerpt":{"rendered":"<p>Las personas motivadas hacen la diferencia en el servicio.Asesoramiento de recursos en la gesti\u00f3n de talento humano, brindando soluciones reales a sus necesidades, garantizando ambientes laborales sanos y productivos y un capital humano en constante crecimiento profesional.Dentro de Labour H&amp;R te ofrecemos los siguientes servicios: An\u00e1lisis y diagn\u00f3stico del giro del negocio, a fin de [&hellip;]<\/p>\n","protected":false},"author":1,"featured_media":0,"parent":0,"menu_order":0,"comment_status":"closed","ping_status":"closed","template":"","meta":{"_et_pb_use_builder":"on","_et_pb_old_content":"","_et_gb_content_width":"","footnotes":""},"class_list":["post-147","page","type-page","status-publish","hentry"],"_links":{"self":[{"href":"https:\/\/labour.ec\/index.php\/wp-json\/wp\/v2\/pages\/147","targetHints":{"allow":["GET"]}}],"collection":[{"href":"https:\/\/labour.ec\/index.php\/wp-json\/wp\/v2\/pages"}],"about":[{"href":"https:\/\/labour.ec\/index.php\/wp-json\/wp\/v2\/types\/page"}],"author":[{"embeddable":true,"href":"https:\/\/labour.ec\/index.php\/wp-json\/wp\/v2\/users\/1"}],"replies":[{"embeddable":true,"href":"https:\/\/labour.ec\/index.php\/wp-json\/wp\/v2\/comments?post=147"}],"version-history":[{"count":12,"href":"https:\/\/labour.ec\/index.php\/wp-json\/wp\/v2\/pages\/147\/revisions"}],"predecessor-version":[{"id":346,"href":"https:\/\/labour.ec\/index.php\/wp-json\/wp\/v2\/pages\/147\/revisions\/346"}],"wp:attachment":[{"href":"https:\/\/labour.ec\/index.php\/wp-json\/wp\/v2\/media?parent=147"}],"curies":[{"name":"wp","href":"https:\/\/api.w.org\/{rel}","templated":true}]}}