{"id":145,"date":"2023-11-25T21:16:26","date_gmt":"2023-11-25T21:16:26","guid":{"rendered":"https:\/\/labour.ec\/?page_id=145"},"modified":"2024-07-24T18:50:44","modified_gmt":"2024-07-24T23:50:44","slug":"l_academy_new","status":"publish","type":"page","link":"https:\/\/labour.ec\/index.php\/l_academy_new\/","title":{"rendered":"l_academy"},"content":{"rendered":"<p>[et_pb_section fb_built=\u00bb1&#8243; _builder_version=\u00bb4.22.2&#8243; _module_preset=\u00bbdefault\u00bb global_colors_info=\u00bb{}\u00bb][et_pb_row _builder_version=\u00bb4.22.2&#8243; _module_preset=\u00bbdefault\u00bb background_image=\u00bbhttps:\/\/labour.ec\/wp-content\/uploads\/2024\/06\/Imagen_seccion_Academy.jpg\u00bb parallax=\u00bbon\u00bb custom_margin=\u00bb|auto|48px|auto||\u00bb custom_padding=\u00bb||57px|||\u00bb global_colors_info=\u00bb{}\u00bb][et_pb_column type=\u00bb4_4&#8243; _builder_version=\u00bb4.22.2&#8243; _module_preset=\u00bbdefault\u00bb global_colors_info=\u00bb{}\u00bb][et_pb_image src=\u00bbhttps:\/\/labour.ec\/wp-content\/uploads\/2023\/10\/logos_labour_academy.jpg\u00bb title_text=\u00bblogos_labour_academy\u00bb _builder_version=\u00bb4.22.2&#8243; _module_preset=\u00bbdefault\u00bb width=\u00bb40%\u00bb max_width=\u00bb40%\u00bb module_alignment=\u00bbleft\u00bb custom_margin=\u00bb50px|||||\u00bb animation_style=\u00bbslide\u00bb animation_direction=\u00bbtop\u00bb box_shadow_style=\u00bbpreset3&#8243; global_colors_info=\u00bb{}\u00bb][\/et_pb_image][\/et_pb_column][\/et_pb_row][et_pb_row column_structure=\u00bb1_2,1_2&#8243; _builder_version=\u00bb4.22.2&#8243; _module_preset=\u00bbdefault\u00bb background_color=\u00bb#fff200&#8243; custom_padding=\u00bb28px|||||\u00bb global_colors_info=\u00bb{}\u00bb][et_pb_column type=\u00bb1_2&#8243; _builder_version=\u00bb4.22.2&#8243; _module_preset=\u00bbdefault\u00bb global_colors_info=\u00bb{}\u00bb][et_pb_text _builder_version=\u00bb4.22.2&#8243; _module_preset=\u00bbdefault\u00bb custom_margin=\u00bb32px|50px|16px|||\u00bb custom_padding=\u00bb|||50px||\u00bb global_colors_info=\u00bb{}\u00bb]<\/p>\n<h2><span style=\"color: #000000;\"><strong>Educaci\u00f3n continua es la clave del \u00e9xito.<\/strong><\/span><\/h2>\n<p>[\/et_pb_text][et_pb_text _builder_version=\u00bb4.22.2&#8243; _module_preset=\u00bbdefault\u00bb header_5_text_color=\u00bb#dddddd\u00bb custom_margin=\u00bb|50px|21px|||\u00bb custom_padding=\u00bb9px||0px|50px||\u00bb global_colors_info=\u00bb{}\u00bb]<\/p>\n<p style=\"text-align: justify;\"><span style=\"font-size: large; color: #000000;\">Academia de formaci\u00f3n acreditada por el Ministerio de Trabajo, especializada en el \u00e1mbito jur\u00eddico con \u00e9nfasis en el \u00e1rea laboral, teniendo como objetivo fundamental el continuo intercambio y actualizaci\u00f3n de conocimientos, con el fin de coadyuvar incurrir en riesgos o contingencias en el sector p\u00fablico y privado; En especial en \u00e1reas de talento humano, salud ocupacional y seguridad industrial de los centros de trabajo.<\/span><\/p>\n<p>[\/et_pb_text][et_pb_button button_url=\u00bbmailto:info@labour.ec\u00bb url_new_window=\u00bbon\u00bb button_text=\u00bbSolicitar m\u00e1s Informaci\u00f3n\u00bb button_alignment=\u00bbcenter\u00bb _builder_version=\u00bb4.22.2&#8243; _module_preset=\u00bbdefault\u00bb custom_button=\u00bbon\u00bb button_text_color=\u00bb#000000&#8243; box_shadow_style=\u00bbpreset3&#8243; global_colors_info=\u00bb{}\u00bb][\/et_pb_button][\/et_pb_column][et_pb_column type=\u00bb1_2&#8243; _builder_version=\u00bb4.22.2&#8243; _module_preset=\u00bbdefault\u00bb global_colors_info=\u00bb{}\u00bb][et_pb_image src=\u00bbhttps:\/\/labour.ec\/wp-content\/uploads\/2024\/06\/Academy_section_photo.jpg\u00bb title_text=\u00bbCheerful mood. Group of people at business conference in modern classroom at daytime\u00bb _builder_version=\u00bb4.22.2&#8243; _module_preset=\u00bbdefault\u00bb animation_style=\u00bbslide\u00bb animation_direction=\u00bbright\u00bb global_colors_info=\u00bb{}\u00bb][\/et_pb_image][\/et_pb_column][\/et_pb_row][et_pb_row column_structure=\u00bb1_3,2_3&#8243; _builder_version=\u00bb4.22.2&#8243; _module_preset=\u00bbdefault\u00bb custom_margin=\u00bb44px|auto||auto||\u00bb custom_padding=\u00bb27px|||||\u00bb global_colors_info=\u00bb{}\u00bb][et_pb_column type=\u00bb1_3&#8243; _builder_version=\u00bb4.22.2&#8243; _module_preset=\u00bbdefault\u00bb global_colors_info=\u00bb{}\u00bb][et_pb_text _builder_version=\u00bb4.22.2&#8243; _module_preset=\u00bbdefault\u00bb custom_padding=\u00bb2px|||25px||\u00bb global_colors_info=\u00bb{}\u00bb]<\/p>\n<h1><span style=\"font-size: x-large;\">Dentro de <strong>Labour Academy<\/strong> te ofrecemos los siguientes servicios:<\/span><\/h1>\n<p>[\/et_pb_text][\/et_pb_column][et_pb_column type=\u00bb2_3&#8243; _builder_version=\u00bb4.22.2&#8243; _module_preset=\u00bbdefault\u00bb global_colors_info=\u00bb{}\u00bb][et_pb_text _builder_version=\u00bb4.22.2&#8243; _module_preset=\u00bbdefault\u00bb custom_padding=\u00bb|65px|0px|11px||\u00bb global_colors_info=\u00bb{}\u00bb]<\/p>\n<ul>\n<li>Capacitaciones programadas abiertas al p\u00fablico general<\/li>\n<li>Capacitaciones in house<\/li>\n<li>Capacitaciones virtuales en vivo<\/li>\n<li>Capacitaciones online con suscripci\u00f3n<\/li>\n<\/ul>\n<p>[\/et_pb_text][et_pb_button button_url=\u00bbmailto:info@labour.ec\u00bb url_new_window=\u00bbon\u00bb button_text=\u00bbSolicitar m\u00e1s Informaci\u00f3n\u00bb button_alignment=\u00bbcenter\u00bb _builder_version=\u00bb4.22.2&#8243; _module_preset=\u00bbdefault\u00bb custom_button=\u00bbon\u00bb button_text_color=\u00bb#000000&#8243; box_shadow_style=\u00bbpreset3&#8243; global_colors_info=\u00bb{}\u00bb][\/et_pb_button][\/et_pb_column][\/et_pb_row][\/et_pb_section]<\/p>\n","protected":false},"excerpt":{"rendered":"<p>Educaci\u00f3n continua es la clave del \u00e9xito.Academia de formaci\u00f3n acreditada por el Ministerio de Trabajo, especializada en el \u00e1mbito jur\u00eddico con \u00e9nfasis en el \u00e1rea laboral, teniendo como objetivo fundamental el continuo intercambio y actualizaci\u00f3n de conocimientos, con el fin de coadyuvar incurrir en riesgos o contingencias en el sector p\u00fablico y privado; En especial [&hellip;]<\/p>\n","protected":false},"author":1,"featured_media":0,"parent":0,"menu_order":0,"comment_status":"closed","ping_status":"closed","template":"","meta":{"_et_pb_use_builder":"on","_et_pb_old_content":"","_et_gb_content_width":"","footnotes":""},"class_list":["post-145","page","type-page","status-publish","hentry"],"_links":{"self":[{"href":"https:\/\/labour.ec\/index.php\/wp-json\/wp\/v2\/pages\/145","targetHints":{"allow":["GET"]}}],"collection":[{"href":"https:\/\/labour.ec\/index.php\/wp-json\/wp\/v2\/pages"}],"about":[{"href":"https:\/\/labour.ec\/index.php\/wp-json\/wp\/v2\/types\/page"}],"author":[{"embeddable":true,"href":"https:\/\/labour.ec\/index.php\/wp-json\/wp\/v2\/users\/1"}],"replies":[{"embeddable":true,"href":"https:\/\/labour.ec\/index.php\/wp-json\/wp\/v2\/comments?post=145"}],"version-history":[{"count":15,"href":"https:\/\/labour.ec\/index.php\/wp-json\/wp\/v2\/pages\/145\/revisions"}],"predecessor-version":[{"id":359,"href":"https:\/\/labour.ec\/index.php\/wp-json\/wp\/v2\/pages\/145\/revisions\/359"}],"wp:attachment":[{"href":"https:\/\/labour.ec\/index.php\/wp-json\/wp\/v2\/media?parent=145"}],"curies":[{"name":"wp","href":"https:\/\/api.w.org\/{rel}","templated":true}]}}