{"id":136,"date":"2023-11-25T20:55:19","date_gmt":"2023-11-25T20:55:19","guid":{"rendered":"https:\/\/labour.ec\/?page_id=136"},"modified":"2024-06-11T06:52:04","modified_gmt":"2024-06-11T11:52:04","slug":"l_sst_new","status":"publish","type":"page","link":"https:\/\/labour.ec\/index.php\/l_sst_new\/","title":{"rendered":"l_sst"},"content":{"rendered":"<p>[et_pb_section fb_built=\u00bb1&#8243; _builder_version=\u00bb4.22.2&#8243; _module_preset=\u00bbdefault\u00bb global_colors_info=\u00bb{}\u00bb][et_pb_row _builder_version=\u00bb4.22.2&#8243; _module_preset=\u00bbdefault\u00bb background_image=\u00bbhttps:\/\/labour.ec\/wp-content\/uploads\/2024\/06\/Imagen_seccion_SST.jpg\u00bb parallax=\u00bbon\u00bb custom_margin=\u00bb|auto|48px|auto||\u00bb custom_padding=\u00bb||57px|||\u00bb global_colors_info=\u00bb{}\u00bb][et_pb_column type=\u00bb4_4&#8243; _builder_version=\u00bb4.22.2&#8243; _module_preset=\u00bbdefault\u00bb global_colors_info=\u00bb{}\u00bb][et_pb_image src=\u00bbhttps:\/\/labour.ec\/wp-content\/uploads\/2023\/10\/logos_labour_SST.jpg\u00bb title_text=\u00bblogos_labour_SST\u00bb _builder_version=\u00bb4.22.2&#8243; _module_preset=\u00bbdefault\u00bb width=\u00bb40%\u00bb max_width=\u00bb40%\u00bb module_alignment=\u00bbleft\u00bb custom_margin=\u00bb50px|||||\u00bb animation_style=\u00bbslide\u00bb animation_direction=\u00bbtop\u00bb box_shadow_style=\u00bbpreset3&#8243; global_colors_info=\u00bb{}\u00bb][\/et_pb_image][\/et_pb_column][\/et_pb_row][et_pb_row column_structure=\u00bb1_2,1_2&#8243; _builder_version=\u00bb4.22.2&#8243; _module_preset=\u00bbdefault\u00bb background_color=\u00bb#faa61a\u00bb custom_padding=\u00bb28px|||||\u00bb global_colors_info=\u00bb{}\u00bb][et_pb_column type=\u00bb1_2&#8243; _builder_version=\u00bb4.22.2&#8243; _module_preset=\u00bbdefault\u00bb global_colors_info=\u00bb{}\u00bb][et_pb_text _builder_version=\u00bb4.22.2&#8243; _module_preset=\u00bbdefault\u00bb text_text_color=\u00bb#000000&#8243; custom_margin=\u00bb32px|50px|16px|||\u00bb custom_padding=\u00bb9px|||50px||\u00bb global_colors_info=\u00bb{}\u00bb]<\/p>\n<h2><span style=\"color: #000000;\"><strong>En temas de seguridad estar un paso adelante es una necesidad.<\/strong><\/span><\/h2>\n<p>[\/et_pb_text][et_pb_text _builder_version=\u00bb4.22.2&#8243; _module_preset=\u00bbdefault\u00bb header_5_text_color=\u00bb#dddddd\u00bb custom_margin=\u00bb|50px|21px|||\u00bb custom_padding=\u00bb||9px|50px||\u00bb global_colors_info=\u00bb{}\u00bb]<\/p>\n<p style=\"text-align: justify;\"><span style=\"font-size: large; color: #000000;\">Asesor\u00eda en prevenci\u00f3n de riesgos laborales y gesti\u00f3n de accidentes de trabajo, misma que est\u00e1 orientada hacia la prevenci\u00f3n proactiva, el cumplimiento normativo, la formaci\u00f3n y la mejora continua para garantizar un entorno laboral seguro y saludable para todos los trabajadores.<\/span><\/p>\n<p>[\/et_pb_text][et_pb_button button_url=\u00bbmailto:info@labour.ec\u00bb url_new_window=\u00bbon\u00bb button_text=\u00bbSolicitar m\u00e1s Informaci\u00f3n\u00bb button_alignment=\u00bbcenter\u00bb _builder_version=\u00bb4.22.2&#8243; _module_preset=\u00bbdefault\u00bb custom_button=\u00bbon\u00bb button_text_color=\u00bb#000000&#8243; hover_enabled=\u00bb0&#8243; box_shadow_style=\u00bbpreset3&#8243; global_colors_info=\u00bb{}\u00bb sticky_enabled=\u00bb0&#8243;][\/et_pb_button][\/et_pb_column][et_pb_column type=\u00bb1_2&#8243; _builder_version=\u00bb4.22.2&#8243; _module_preset=\u00bbdefault\u00bb global_colors_info=\u00bb{}\u00bb][et_pb_image src=\u00bbhttps:\/\/labour.ec\/wp-content\/uploads\/2023\/11\/gerente-ingeniero-asiatico-inteligente-uniforme-seguridad-que-verifica-construccion-sitio-antecedentes-estructura-acero-hormigon.jpg\u00bb title_text=\u00bbsmart asian engineer manager with safety uniform checking site c\u00bb _builder_version=\u00bb4.22.2&#8243; _module_preset=\u00bbdefault\u00bb animation_style=\u00bbslide\u00bb animation_direction=\u00bbright\u00bb global_colors_info=\u00bb{}\u00bb][\/et_pb_image][\/et_pb_column][\/et_pb_row][et_pb_row column_structure=\u00bb1_3,2_3&#8243; _builder_version=\u00bb4.22.2&#8243; _module_preset=\u00bbdefault\u00bb custom_margin=\u00bb44px|auto||auto||\u00bb custom_padding=\u00bb27px|||||\u00bb global_colors_info=\u00bb{}\u00bb][et_pb_column type=\u00bb1_3&#8243; _builder_version=\u00bb4.22.2&#8243; _module_preset=\u00bbdefault\u00bb global_colors_info=\u00bb{}\u00bb][et_pb_text _builder_version=\u00bb4.22.2&#8243; _module_preset=\u00bbdefault\u00bb custom_padding=\u00bb2px|||25px||\u00bb global_colors_info=\u00bb{}\u00bb]<\/p>\n<h1><span style=\"font-size: x-large;\">Dentro de <strong>Labour SST<\/strong> te ofrecemos los siguientes servicios:<\/span><\/h1>\n<p>[\/et_pb_text][\/et_pb_column][et_pb_column type=\u00bb2_3&#8243; _builder_version=\u00bb4.22.2&#8243; _module_preset=\u00bbdefault\u00bb global_colors_info=\u00bb{}\u00bb][et_pb_text _builder_version=\u00bb4.22.2&#8243; _module_preset=\u00bbdefault\u00bb custom_padding=\u00bb|65px|0px|11px||\u00bb global_colors_info=\u00bb{}\u00bb]<\/p>\n<ul>\n<li>\n<p>Auditor\u00edas de seguridad y salud en el trabajo.<\/p>\n<\/li>\n<li>\n<p><span style=\"font-size: 15px;\">Elaboraci\u00f3n de reglamento de higiene y seguridad.<\/span><\/p>\n<\/li>\n<li>\n<p><span style=\"font-size: 15px;\">\u00a0Elaboraci\u00f3n de matriz de riesgos laborales.<\/span><\/p>\n<\/li>\n<li>\n<p><span style=\"font-size: 15px;\"><\/span><span style=\"font-size: 15px;\">\u00a0Elaboraci\u00f3n de procedimientos de trabajo seguro.<\/span><\/p>\n<\/li>\n<li>\n<p><span style=\"font-size: 15px;\"><\/span><span style=\"font-size: 15px;\">\u00a0Capacitaciones de seguridad en el trabajo.<\/span><\/p>\n<\/li>\n<li>\n<p><span style=\"font-size: 15px;\"><\/span><span style=\"font-size: 15px;\">\u00a0Entrenamiento de brigadas de emergencias.<\/span><\/p>\n<\/li>\n<li>\n<p><span style=\"font-size: 15px;\"><\/span><span style=\"font-size: 15px;\">\u00a0Actualizaci\u00f3n de pol\u00edticas y procedimientos en funci\u00f3n de cambios normativos.<\/span><\/p>\n<\/li>\n<li>\n<p><span style=\"font-size: 15px;\"><\/span><span style=\"font-size: 15px;\">\u00a0Planes de emergencia y contingencia (plan de autoprotecci\u00f3n).<\/span><\/p>\n<\/li>\n<li>\n<p>\u00a0Gesti\u00f3n de accidentes de trabajo.<\/p>\n<\/li>\n<li>\n<p><span style=\"font-size: 15px;\">\u00a0Impugnaciones administrativas ante entidades de regulaci\u00f3n.<\/span><\/p>\n<\/li>\n<li>\n<p><span style=\"font-size: 15px;\"><\/span><span style=\"font-size: 15px;\">Certificaciones de prevenci\u00f3n de riesgos laborales para la construcci\u00f3n y riesgos el\u00e9ctricos.<\/span><\/p>\n<\/li>\n<li>\n<p><span style=\"font-size: 15px;\"><\/span><span style=\"font-size: 15px;\">\u00a0Conformaci\u00f3n de organismos paritarios, elaboraci\u00f3n de actas de reuni\u00f3n y formatos.<\/span><\/p>\n<\/li>\n<li>\n<p><span style=\"font-size: 15px;\"><\/span><span style=\"font-size: 15px;\">\u00a0Manejo y seguimiento de plataforma del IESS (Riesgos del Trabajo).<\/span><\/p>\n<\/li>\n<li>\n<p><span style=\"font-size: 15px;\"><\/span><span style=\"font-size: 15px;\">\u00a0Manejo y seguimiento de plataforma virtual SUT (Ministerio de Trabajo).<\/span><\/p>\n<\/li>\n<li>\n<p><span style=\"font-size: 15px;\"><\/span><span style=\"font-size: 15px;\">\u00a0Inspecciones de seguridad (condiciones y actos subest\u00e1ndares).<\/span><\/p>\n<\/li>\n<li>\n<p><span style=\"font-size: 15px;\"><\/span><span style=\"font-size: 15px;\">\u00a0Indicadores de gesti\u00f3n.<\/span><\/p>\n<\/li>\n<li>\n<p><span style=\"font-size: 15px;\"><\/span><span style=\"font-size: 15px;\">Acompa\u00f1amiento y soporte en inspecciones realizadas por organismos de control en la materia.<\/span><\/p>\n<\/li>\n<li>\n<p><span style=\"font-size: 15px;\"><\/span><span style=\"font-size: 15px;\">Medici\u00f3n de riesgos laborales.<\/span><\/p>\n<\/li>\n<li>\n<p><span style=\"font-size: 15px;\"><\/span><span style=\"font-size: 15px;\">Implementaci\u00f3n de sistema de gesti\u00f3n de seguridad en el trabajo.<\/span><\/p>\n<\/li>\n<\/ul>\n<p>[\/et_pb_text][et_pb_button button_url=\u00bbmailto:info@labour.ec\u00bb url_new_window=\u00bbon\u00bb button_text=\u00bbSolicitar m\u00e1s Informaci\u00f3n\u00bb button_alignment=\u00bbcenter\u00bb _builder_version=\u00bb4.22.2&#8243; _module_preset=\u00bbdefault\u00bb custom_button=\u00bbon\u00bb button_text_color=\u00bb#faa61a\u00bb hover_enabled=\u00bb0&#8243; box_shadow_style=\u00bbpreset3&#8243; global_colors_info=\u00bb{}\u00bb sticky_enabled=\u00bb0&#8243;][\/et_pb_button][\/et_pb_column][\/et_pb_row][\/et_pb_section]<\/p>\n","protected":false},"excerpt":{"rendered":"<p>En temas de seguridad estar un paso adelante es una necesidad.Asesor\u00eda en prevenci\u00f3n de riesgos laborales y gesti\u00f3n de accidentes de trabajo, misma que est\u00e1 orientada hacia la prevenci\u00f3n proactiva, el cumplimiento normativo, la formaci\u00f3n y la mejora continua para garantizar un entorno laboral seguro y saludable para todos los trabajadores.Dentro de Labour SST te [&hellip;]<\/p>\n","protected":false},"author":1,"featured_media":0,"parent":0,"menu_order":0,"comment_status":"closed","ping_status":"closed","template":"","meta":{"_et_pb_use_builder":"on","_et_pb_old_content":"","_et_gb_content_width":"","footnotes":""},"class_list":["post-136","page","type-page","status-publish","hentry"],"_links":{"self":[{"href":"https:\/\/labour.ec\/index.php\/wp-json\/wp\/v2\/pages\/136","targetHints":{"allow":["GET"]}}],"collection":[{"href":"https:\/\/labour.ec\/index.php\/wp-json\/wp\/v2\/pages"}],"about":[{"href":"https:\/\/labour.ec\/index.php\/wp-json\/wp\/v2\/types\/page"}],"author":[{"embeddable":true,"href":"https:\/\/labour.ec\/index.php\/wp-json\/wp\/v2\/users\/1"}],"replies":[{"embeddable":true,"href":"https:\/\/labour.ec\/index.php\/wp-json\/wp\/v2\/comments?post=136"}],"version-history":[{"count":16,"href":"https:\/\/labour.ec\/index.php\/wp-json\/wp\/v2\/pages\/136\/revisions"}],"predecessor-version":[{"id":344,"href":"https:\/\/labour.ec\/index.php\/wp-json\/wp\/v2\/pages\/136\/revisions\/344"}],"wp:attachment":[{"href":"https:\/\/labour.ec\/index.php\/wp-json\/wp\/v2\/media?parent=136"}],"curies":[{"name":"wp","href":"https:\/\/api.w.org\/{rel}","templated":true}]}}