{"id":131,"date":"2023-11-25T20:48:07","date_gmt":"2023-11-25T20:48:07","guid":{"rendered":"https:\/\/labour.ec\/?page_id=131"},"modified":"2024-06-12T22:12:42","modified_gmt":"2024-06-13T03:12:42","slug":"l_sso_new","status":"publish","type":"page","link":"https:\/\/labour.ec\/index.php\/l_sso_new\/","title":{"rendered":"l_sso"},"content":{"rendered":"<p>[et_pb_section fb_built=\u00bb1&#8243; _builder_version=\u00bb4.22.2&#8243; _module_preset=\u00bbdefault\u00bb global_colors_info=\u00bb{}\u00bb][et_pb_row _builder_version=\u00bb4.22.2&#8243; _module_preset=\u00bbdefault\u00bb background_image=\u00bbhttps:\/\/labour.ec\/wp-content\/uploads\/2024\/06\/Imagen_seccion_SSO.jpg\u00bb parallax=\u00bbon\u00bb custom_margin=\u00bb|auto|48px|auto||\u00bb custom_padding=\u00bb||57px|||\u00bb global_colors_info=\u00bb{}\u00bb][et_pb_column type=\u00bb4_4&#8243; _builder_version=\u00bb4.22.2&#8243; _module_preset=\u00bbdefault\u00bb global_colors_info=\u00bb{}\u00bb][et_pb_image src=\u00bbhttps:\/\/labour.ec\/wp-content\/uploads\/2023\/10\/logos_labour_SSO.jpg\u00bb title_text=\u00bblogos_labour_SSO\u00bb _builder_version=\u00bb4.22.2&#8243; _module_preset=\u00bbdefault\u00bb width=\u00bb40%\u00bb max_width=\u00bb40%\u00bb module_alignment=\u00bbleft\u00bb custom_margin=\u00bb50px|||||\u00bb animation_style=\u00bbslide\u00bb animation_direction=\u00bbtop\u00bb box_shadow_style=\u00bbpreset3&#8243; global_colors_info=\u00bb{}\u00bb][\/et_pb_image][\/et_pb_column][\/et_pb_row][et_pb_row column_structure=\u00bb1_2,1_2&#8243; _builder_version=\u00bb4.22.2&#8243; _module_preset=\u00bbdefault\u00bb background_color=\u00bb#00a772&#8243; custom_padding=\u00bb28px|||||\u00bb global_colors_info=\u00bb{}\u00bb][et_pb_column type=\u00bb1_2&#8243; _builder_version=\u00bb4.22.2&#8243; _module_preset=\u00bbdefault\u00bb global_colors_info=\u00bb{}\u00bb][et_pb_text _builder_version=\u00bb4.22.2&#8243; _module_preset=\u00bbdefault\u00bb custom_margin=\u00bb32px|50px|16px|||\u00bb custom_padding=\u00bb|50px||50px||true\u00bb global_colors_info=\u00bb{}\u00bb]<\/p>\n<h2><strong><span style=\"color: #ffffff;\">Salud, nuestro compromiso.<\/span><\/strong><\/h2>\n<p>[\/et_pb_text][et_pb_text _builder_version=\u00bb4.22.2&#8243; _module_preset=\u00bbdefault\u00bb header_5_text_color=\u00bb#dddddd\u00bb custom_margin=\u00bb|50px|21px|||\u00bb custom_padding=\u00bb||5px|50px||\u00bb hover_enabled=\u00bb0&#8243; global_colors_info=\u00bb{}\u00bb sticky_enabled=\u00bb0&#8243; text_text_color=\u00bb#FFFFFF\u00bb background_layout=\u00bbdark\u00bb]<\/p>\n<h4 style=\"text-align: justify;\">Servicios integrales de Salud Ocupacional, comprometidos con el desarrollo y crecimiento de las empresas, mediante la prevenci\u00f3n y promoci\u00f3n de la salud integral de los colaboradores, a trav\u00e9s de personal m\u00e9dico altamente calificado; logrando mejorar el ambiente laboral y la productividad de las mismas.<\/h4>\n<p>[\/et_pb_text][et_pb_button button_url=\u00bbmailto:info@labour.ec\u00bb url_new_window=\u00bbon\u00bb button_text=\u00bbSolicitar m\u00e1s Informaci\u00f3n\u00bb button_alignment=\u00bbcenter\u00bb _builder_version=\u00bb4.22.2&#8243; _module_preset=\u00bbdefault\u00bb custom_button=\u00bbon\u00bb button_text_color=\u00bb#FFFFFF\u00bb box_shadow_style=\u00bbpreset3&#8243; global_colors_info=\u00bb{}\u00bb][\/et_pb_button][\/et_pb_column][et_pb_column type=\u00bb1_2&#8243; _builder_version=\u00bb4.22.2&#8243; _module_preset=\u00bbdefault\u00bb global_colors_info=\u00bb{}\u00bb][et_pb_image src=\u00bbhttps:\/\/labour.ec\/wp-content\/uploads\/2024\/06\/SSO_section_photo-2.jpg\u00bb title_text=\u00bbCheerful mood. Group of people at business conference in modern classroom at daytime\u00bb _builder_version=\u00bb4.22.2&#8243; _module_preset=\u00bbdefault\u00bb animation_style=\u00bbslide\u00bb animation_direction=\u00bbright\u00bb global_colors_info=\u00bb{}\u00bb][\/et_pb_image][\/et_pb_column][\/et_pb_row][et_pb_row column_structure=\u00bb1_3,2_3&#8243; _builder_version=\u00bb4.22.2&#8243; _module_preset=\u00bbdefault\u00bb custom_margin=\u00bb44px|auto||auto||\u00bb custom_padding=\u00bb27px|||||\u00bb global_colors_info=\u00bb{}\u00bb][et_pb_column type=\u00bb1_3&#8243; _builder_version=\u00bb4.22.2&#8243; _module_preset=\u00bbdefault\u00bb global_colors_info=\u00bb{}\u00bb][et_pb_text _builder_version=\u00bb4.22.2&#8243; _module_preset=\u00bbdefault\u00bb custom_padding=\u00bb2px|||25px||\u00bb global_colors_info=\u00bb{}\u00bb]<\/p>\n<h1><span style=\"font-size: x-large;\">Dentro de <strong>Labour SSO<\/strong> te ofrecemos los siguientes servicios:<\/span><\/h1>\n<p>[\/et_pb_text][\/et_pb_column][et_pb_column type=\u00bb2_3&#8243; _builder_version=\u00bb4.22.2&#8243; _module_preset=\u00bbdefault\u00bb global_colors_info=\u00bb{}\u00bb][et_pb_text _builder_version=\u00bb4.22.2&#8243; _module_preset=\u00bbdefault\u00bb custom_padding=\u00bb|65px|0px|11px||\u00bb global_colors_info=\u00bb{}\u00bb]<\/p>\n<ul>\n<li>\u00a0Medicina ocupacional <\/li>\n<li>Laboratorio cl\u00ednico <\/li>\n<li>Diagn\u00f3stico por im\u00e1genes<\/li>\n<li>Ex\u00e1menes especiales<\/li>\n<li>Consulta externa<\/li>\n<\/ul>\n<p>[\/et_pb_text][et_pb_button button_url=\u00bbmailto:info@labour.ec\u00bb url_new_window=\u00bbon\u00bb button_text=\u00bbSolicitar m\u00e1s Informaci\u00f3n\u00bb button_alignment=\u00bbcenter\u00bb _builder_version=\u00bb4.22.2&#8243; _module_preset=\u00bbdefault\u00bb custom_button=\u00bbon\u00bb button_text_color=\u00bb#00a772&#8243; box_shadow_style=\u00bbpreset3&#8243; global_colors_info=\u00bb{}\u00bb][\/et_pb_button][\/et_pb_column][\/et_pb_row][\/et_pb_section]<\/p>\n","protected":false},"excerpt":{"rendered":"<p>Salud, nuestro compromiso.Servicios integrales de Salud Ocupacional, comprometidos con el desarrollo y crecimiento de las empresas, mediante la prevenci\u00f3n y promoci\u00f3n de la salud integral de los colaboradores, a trav\u00e9s de personal m\u00e9dico altamente calificado; logrando mejorar el ambiente laboral y la productividad de las mismas.Dentro de Labour SSO te ofrecemos los siguientes servicios: \u00a0Medicina [&hellip;]<\/p>\n","protected":false},"author":1,"featured_media":0,"parent":0,"menu_order":0,"comment_status":"closed","ping_status":"closed","template":"","meta":{"_et_pb_use_builder":"on","_et_pb_old_content":"","_et_gb_content_width":"","footnotes":""},"class_list":["post-131","page","type-page","status-publish","hentry"],"_links":{"self":[{"href":"https:\/\/labour.ec\/index.php\/wp-json\/wp\/v2\/pages\/131","targetHints":{"allow":["GET"]}}],"collection":[{"href":"https:\/\/labour.ec\/index.php\/wp-json\/wp\/v2\/pages"}],"about":[{"href":"https:\/\/labour.ec\/index.php\/wp-json\/wp\/v2\/types\/page"}],"author":[{"embeddable":true,"href":"https:\/\/labour.ec\/index.php\/wp-json\/wp\/v2\/users\/1"}],"replies":[{"embeddable":true,"href":"https:\/\/labour.ec\/index.php\/wp-json\/wp\/v2\/comments?post=131"}],"version-history":[{"count":14,"href":"https:\/\/labour.ec\/index.php\/wp-json\/wp\/v2\/pages\/131\/revisions"}],"predecessor-version":[{"id":357,"href":"https:\/\/labour.ec\/index.php\/wp-json\/wp\/v2\/pages\/131\/revisions\/357"}],"wp:attachment":[{"href":"https:\/\/labour.ec\/index.php\/wp-json\/wp\/v2\/media?parent=131"}],"curies":[{"name":"wp","href":"https:\/\/api.w.org\/{rel}","templated":true}]}}